{"id":1604,"date":"2024-10-16T10:59:39","date_gmt":"2024-10-16T10:59:39","guid":{"rendered":"https:\/\/kareemat.org\/%d8%a7%d9%84%d8%aa%d8%a8%d8%b1%d8%b9\/"},"modified":"2024-11-17T09:38:16","modified_gmt":"2024-11-17T09:38:16","slug":"donate","status":"publish","type":"page","link":"https:\/\/kareemat.org\/en\/donate\/","title":{"rendered":"\u0627\u0644\u062a\u0628\u0631\u0639"},"content":{"rendered":"\t\t<div data-elementor-type=\"wp-page\" data-elementor-id=\"1604\" class=\"elementor elementor-1604 elementor-303\" data-elementor-post-type=\"page\">\n\t\t\t\t\t\t<section class=\"elementor-section elementor-top-section elementor-element elementor-element-ac81735 elementor-section-boxed elementor-section-height-default elementor-section-height-default\" data-id=\"ac81735\" data-element_type=\"section\">\n\t\t\t\t\t\t<div class=\"elementor-container elementor-column-gap-default\">\n\t\t\t\t\t<div class=\"elementor-column elementor-col-100 elementor-top-column elementor-element elementor-element-93e4d1a\" data-id=\"93e4d1a\" data-element_type=\"column\">\n\t\t\t<div class=\"elementor-widget-wrap elementor-element-populated\">\n\t\t\t\t\t\t<div class=\"elementor-element elementor-element-cc1ec7c elementor--h-position-center elementor--v-position-middle elementor-arrows-position-inside elementor-pagination-position-inside elementor-widget elementor-widget-slides\" data-id=\"cc1ec7c\" data-element_type=\"widget\" data-settings=\"{&quot;navigation&quot;:&quot;both&quot;,&quot;autoplay&quot;:&quot;yes&quot;,&quot;pause_on_hover&quot;:&quot;yes&quot;,&quot;pause_on_interaction&quot;:&quot;yes&quot;,&quot;autoplay_speed&quot;:5000,&quot;infinite&quot;:&quot;yes&quot;,&quot;transition&quot;:&quot;slide&quot;,&quot;transition_speed&quot;:500}\" data-widget_type=\"slides.default\">\n\t\t\t\t\t\t\t\t\t\t<div class=\"elementor-slides-wrapper elementor-main-swiper swiper\" role=\"region\" aria-roledescription=\"carousel\" aria-label=\"Slides\" dir=\"ltr\" data-animation=\"fadeInUp\">\n\t\t\t\t<div class=\"swiper-wrapper elementor-slides\">\n\t\t\t\t\t\t\t\t\t\t<div class=\"elementor-repeater-item-b754805 swiper-slide\" role=\"group\" aria-roledescription=\"slide\"><div class=\"swiper-slide-bg elementor-ken-burns elementor-ken-burns--out\" role=\"img\"><\/div><div class=\"swiper-slide-inner\" ><div class=\"swiper-slide-contents\"><div class=\"elementor-slide-heading\">How to donate ?<\/div><div class=\"elementor-slide-description\">Methods of donation and transfer to kareemat Organization\n<\/div><\/div><\/div><\/div>\t\t\t\t<\/div>\n\t\t\t\t\t\t\t<\/div>\n\t\t\t\t\t\t\t\t<\/div>\n\t\t\t\t\t<\/div>\n\t\t<\/div>\n\t\t\t\t\t<\/div>\n\t\t<\/section>\n\t\t\t\t<section class=\"elementor-section elementor-top-section elementor-element elementor-element-268e3b3 elementor-section-boxed elementor-section-height-default elementor-section-height-default\" data-id=\"268e3b3\" data-element_type=\"section\">\n\t\t\t\t\t\t<div class=\"elementor-container elementor-column-gap-default\">\n\t\t\t\t\t<div class=\"elementor-column elementor-col-50 elementor-top-column elementor-element elementor-element-dfb0f6f\" data-id=\"dfb0f6f\" data-element_type=\"column\">\n\t\t\t<div class=\"elementor-widget-wrap elementor-element-populated\">\n\t\t\t\t\t\t<div class=\"elementor-element elementor-element-d75ed6b elementor-widget elementor-widget-text-editor\" data-id=\"d75ed6b\" data-element_type=\"widget\" data-widget_type=\"text-editor.default\">\n\t\t\t\t\t\t\t\t\t<div id=\"tw-target-text-container\" class=\"tw-ta-container F0azHf tw-nfl\" tabindex=\"0\" role=\"text\"><pre id=\"tw-target-text\" class=\"tw-data-text tw-text-large tw-ta\" dir=\"ltr\" data-placeholder=\"\u0627\u0644\u062a\u0631\u062c\u0645\u0629\" data-ved=\"2ahUKEwi987nZheOJAxUhA9sEHV3vFdwQ3ewLegQICRAT\" aria-label=\"\u0627\u0644\u0646\u0635 \u0627\u0644\u0645\u062a\u0631\u062c\u0645: Through our bank account\"><strong><span class=\"Y2IQFc\" lang=\"en\" style=\"color: #333333;\">Through our bank account<\/span><\/strong><\/pre><\/div><p><span style=\"color: var( --e-global-color-text ); font-family: var( --e-global-typography-text-font-family ), Raleway; font-size: var( --e-global-typography-text-font-size ); font-weight: var( --e-global-typography-text-font-weight );\">\u0130ZZETL\u0130 KADINLAR DERNE\u011e\u0130<\/span><\/p><p><span style=\"color: #ff0000;\"><img decoding=\"async\" class=\"wp-image-1200 alignnone\" src=\"https:\/\/kareemat.org\/wp-content\/uploads\/2024\/10\/b1429e8d-c2f7-474a-b30c-8cd18d9f2254.jpg\" alt=\"\" width=\"246\" height=\"139\" srcset=\"https:\/\/kareemat.org\/wp-content\/uploads\/2024\/10\/b1429e8d-c2f7-474a-b30c-8cd18d9f2254.jpg 1200w, https:\/\/kareemat.org\/wp-content\/uploads\/2024\/10\/b1429e8d-c2f7-474a-b30c-8cd18d9f2254-300x170.jpg 300w, https:\/\/kareemat.org\/wp-content\/uploads\/2024\/10\/b1429e8d-c2f7-474a-b30c-8cd18d9f2254-1024x579.jpg 1024w, https:\/\/kareemat.org\/wp-content\/uploads\/2024\/10\/b1429e8d-c2f7-474a-b30c-8cd18d9f2254-768x435.jpg 768w, https:\/\/kareemat.org\/wp-content\/uploads\/2024\/10\/b1429e8d-c2f7-474a-b30c-8cd18d9f2254-600x340.jpg 600w\" sizes=\"(max-width: 246px) 100vw, 246px\" \/><\/span><\/p><p style=\"text-align: left;\">TR75 0001 0000 4380 7379 8450 02<\/p><p style=\"text-align: left;\">TR48 0001 0000 4380 7379 8450 03<\/p><p style=\"text-align: left;\">TR05 0001 0000 4380 7379 8450 01<\/p>\t\t\t\t\t\t\t\t<\/div>\n\t\t\t\t\t<\/div>\n\t\t<\/div>\n\t\t\t\t<div class=\"elementor-column elementor-col-50 elementor-top-column elementor-element elementor-element-2d09185\" data-id=\"2d09185\" data-element_type=\"column\">\n\t\t\t<div class=\"elementor-widget-wrap elementor-element-populated\">\n\t\t\t\t\t\t<div class=\"elementor-element elementor-element-e412cdf elementor-widget elementor-widget-text-editor\" data-id=\"e412cdf\" data-element_type=\"widget\" data-widget_type=\"text-editor.default\">\n\t\t\t\t\t\t\t\t\t<p><span style=\"color: #800080;\">By visiting our center<\/span><br \/>Located in the Turkish city of Kilis<br \/>kareem Organization \/\/ Malls Street, opposite the Iron Club, T\u00fcrkiye\/Kilis<\/p><p>ALTIN\u00dcZ\u00dcM mah. Nemika cd. No:39 Merkez\/Kilis<\/p>\t\t\t\t\t\t\t\t<\/div>\n\t\t\t\t\t<\/div>\n\t\t<\/div>\n\t\t\t\t\t<\/div>\n\t\t<\/section>\n\t\t\t\t<\/div>\n\t\t","protected":false},"excerpt":{"rendered":"<p>How to donate ?Methods of donation and transfer to kareemat Organization Through our bank account \u0130ZZETL\u0130 KADINLAR DERNE\u011e\u0130 TR75 0001 0000 4380 7379 8450 02 TR48 0001 0000 4380 7379 8450 03 TR05 0001 0000 4380 7379 8450 01 By visiting our centerLocated in the Turkish city of Kiliskareem Organization \/\/ Malls Street, opposite the [&hellip;]<\/p>\n","protected":false},"author":1,"featured_media":0,"parent":0,"menu_order":0,"comment_status":"closed","ping_status":"closed","template":"elementor_header_footer","meta":{"_acf_changed":false,"footnotes":""},"class_list":["post-1604","page","type-page","status-publish","hentry"],"acf":[],"jetpack_sharing_enabled":true,"_links":{"self":[{"href":"https:\/\/kareemat.org\/en\/wp-json\/wp\/v2\/pages\/1604","targetHints":{"allow":["GET"]}}],"collection":[{"href":"https:\/\/kareemat.org\/en\/wp-json\/wp\/v2\/pages"}],"about":[{"href":"https:\/\/kareemat.org\/en\/wp-json\/wp\/v2\/types\/page"}],"author":[{"embeddable":true,"href":"https:\/\/kareemat.org\/en\/wp-json\/wp\/v2\/users\/1"}],"replies":[{"embeddable":true,"href":"https:\/\/kareemat.org\/en\/wp-json\/wp\/v2\/comments?post=1604"}],"version-history":[{"count":29,"href":"https:\/\/kareemat.org\/en\/wp-json\/wp\/v2\/pages\/1604\/revisions"}],"predecessor-version":[{"id":2157,"href":"https:\/\/kareemat.org\/en\/wp-json\/wp\/v2\/pages\/1604\/revisions\/2157"}],"wp:attachment":[{"href":"https:\/\/kareemat.org\/en\/wp-json\/wp\/v2\/media?parent=1604"}],"curies":[{"name":"wp","href":"https:\/\/api.w.org\/{rel}","templated":true}]}}