{"id":1606,"date":"2024-10-16T10:59:39","date_gmt":"2024-10-16T10:59:39","guid":{"rendered":"https:\/\/kareemat.org\/%d8%a7%d9%84%d8%aa%d8%a8%d8%b1%d8%b9\/"},"modified":"2024-11-17T07:28:46","modified_gmt":"2024-11-17T07:28:46","slug":"%d8%a7%d9%84%d8%aa%d8%a8%d8%b1%d8%b9","status":"publish","type":"page","link":"https:\/\/kareemat.org\/tr\/%d8%a7%d9%84%d8%aa%d8%a8%d8%b1%d8%b9\/","title":{"rendered":"\u0627\u0644\u062a\u0628\u0631\u0639"},"content":{"rendered":"\t\t<div data-elementor-type=\"wp-page\" data-elementor-id=\"1606\" class=\"elementor elementor-1606 elementor-303\" data-elementor-post-type=\"page\">\n\t\t\t\t\t\t<section class=\"elementor-section elementor-top-section elementor-element elementor-element-ac81735 elementor-section-boxed elementor-section-height-default elementor-section-height-default\" data-id=\"ac81735\" data-element_type=\"section\">\n\t\t\t\t\t\t<div class=\"elementor-container elementor-column-gap-default\">\n\t\t\t\t\t<div class=\"elementor-column elementor-col-100 elementor-top-column elementor-element elementor-element-93e4d1a\" data-id=\"93e4d1a\" data-element_type=\"column\">\n\t\t\t<div class=\"elementor-widget-wrap elementor-element-populated\">\n\t\t\t\t\t\t<div class=\"elementor-element elementor-element-cc1ec7c elementor--h-position-center elementor--v-position-middle elementor-arrows-position-inside elementor-pagination-position-inside elementor-widget elementor-widget-slides\" data-id=\"cc1ec7c\" data-element_type=\"widget\" data-settings=\"{&quot;navigation&quot;:&quot;both&quot;,&quot;autoplay&quot;:&quot;yes&quot;,&quot;pause_on_hover&quot;:&quot;yes&quot;,&quot;pause_on_interaction&quot;:&quot;yes&quot;,&quot;autoplay_speed&quot;:5000,&quot;infinite&quot;:&quot;yes&quot;,&quot;transition&quot;:&quot;slide&quot;,&quot;transition_speed&quot;:500}\" data-widget_type=\"slides.default\">\n\t\t\t\t\t\t\t\t\t\t<div class=\"elementor-slides-wrapper elementor-main-swiper swiper\" role=\"region\" aria-roledescription=\"carousel\" aria-label=\"Slides\" dir=\"ltr\" data-animation=\"fadeInUp\">\n\t\t\t\t<div class=\"swiper-wrapper elementor-slides\">\n\t\t\t\t\t\t\t\t\t\t<div class=\"elementor-repeater-item-b754805 swiper-slide\" role=\"group\" aria-roledescription=\"slide\"><div class=\"swiper-slide-bg elementor-ken-burns elementor-ken-burns--out\" role=\"img\"><\/div><div class=\"swiper-slide-inner\" ><div class=\"swiper-slide-contents\"><div class=\"elementor-slide-heading\">\u0643\u064a\u0641\u064a\u0629 \u0627\u0644\u062a\u0628\u0631\u0639 \u061f<\/div><div class=\"elementor-slide-description\">\u0637\u0631\u0642 \u0627\u0644\u062a\u0628\u0631\u0639 \u0648\u0627\u0644\u062a\u062d\u0648\u064a\u0644 \u0644\u0645\u0646\u0638\u0645\u0629 \u0643\u0631\u064a\u0645\u0627\u062a<\/div><\/div><\/div><\/div>\t\t\t\t<\/div>\n\t\t\t\t\t\t\t<\/div>\n\t\t\t\t\t\t\t\t<\/div>\n\t\t\t\t\t<\/div>\n\t\t<\/div>\n\t\t\t\t\t<\/div>\n\t\t<\/section>\n\t\t\t\t<section class=\"elementor-section elementor-top-section elementor-element elementor-element-268e3b3 elementor-section-boxed elementor-section-height-default elementor-section-height-default\" data-id=\"268e3b3\" data-element_type=\"section\">\n\t\t\t\t\t\t<div class=\"elementor-container elementor-column-gap-default\">\n\t\t\t\t\t<div class=\"elementor-column elementor-col-50 elementor-top-column elementor-element elementor-element-2d09185\" data-id=\"2d09185\" data-element_type=\"column\">\n\t\t\t<div class=\"elementor-widget-wrap elementor-element-populated\">\n\t\t\t\t\t\t<div class=\"elementor-element elementor-element-e412cdf elementor-widget elementor-widget-text-editor\" data-id=\"e412cdf\" data-element_type=\"widget\" data-widget_type=\"text-editor.default\">\n\t\t\t\t\t\t\t\t\t<p><span style=\"color: #8516c9;\">\u0639\u0646 \u0637\u0631\u064a\u0642 \u0632\u064a\u0627\u0631\u0629 \u0645\u0631\u0643\u0632\u0646\u0627<\/span><\/p><p>\u0627\u0644\u0648\u0627\u0642\u0639 \u0641\u064a \u0645\u062f\u064a\u0646\u0629 \u0643\u0644\u0633 \u0627\u0644\u062a\u0631\u0643\u064a\u0629<\/p><p>\u0645\u0646\u0638\u0645\u0629 \u0643\u0631\u064a\u0645\u0627\u062a \/\/ \u0634\u0627\u0631\u0639 \u0627\u0644\u0645\u0648\u0644\u0627\u062a \u0645\u0642\u0627\u0628\u0644 \u0646\u0627\u062f\u064a \u0627\u0644\u062d\u062f\u064a\u062f \u062a\u0631\u0643\u064a\u0627\/\u0643\u0644\u0633<\/p><p>ALTIN\u00dcZ\u00dcM mah. Nemika cd. No:39 Merkez\/Kilis<\/p>\t\t\t\t\t\t\t\t<\/div>\n\t\t\t\t\t<\/div>\n\t\t<\/div>\n\t\t\t\t<div class=\"elementor-column elementor-col-50 elementor-top-column elementor-element elementor-element-dfb0f6f\" data-id=\"dfb0f6f\" data-element_type=\"column\">\n\t\t\t<div class=\"elementor-widget-wrap elementor-element-populated\">\n\t\t\t\t\t\t<div class=\"elementor-element elementor-element-d75ed6b elementor-widget elementor-widget-text-editor\" data-id=\"d75ed6b\" data-element_type=\"widget\" data-widget_type=\"text-editor.default\">\n\t\t\t\t\t\t\t\t\t<p style=\"text-align: center;\"><span style=\"color: #ff0000;\">\u0639\u0646 \u0637\u0631\u064a\u0642 \u062d\u0633\u0627\u0628\u0646\u0627 \u0641\u064a \u0627\u0644\u0628\u0646\u0643<\/span><\/p><p><span style=\"color: #ff0000;\"><img decoding=\"async\" class=\"wp-image-1200 alignleft\" src=\"https:\/\/kareemat.org\/wp-content\/uploads\/2024\/10\/b1429e8d-c2f7-474a-b30c-8cd18d9f2254.jpg\" alt=\"\" width=\"246\" height=\"139\" srcset=\"https:\/\/kareemat.org\/wp-content\/uploads\/2024\/10\/b1429e8d-c2f7-474a-b30c-8cd18d9f2254.jpg 1200w, https:\/\/kareemat.org\/wp-content\/uploads\/2024\/10\/b1429e8d-c2f7-474a-b30c-8cd18d9f2254-300x170.jpg 300w, https:\/\/kareemat.org\/wp-content\/uploads\/2024\/10\/b1429e8d-c2f7-474a-b30c-8cd18d9f2254-1024x579.jpg 1024w, https:\/\/kareemat.org\/wp-content\/uploads\/2024\/10\/b1429e8d-c2f7-474a-b30c-8cd18d9f2254-768x435.jpg 768w, https:\/\/kareemat.org\/wp-content\/uploads\/2024\/10\/b1429e8d-c2f7-474a-b30c-8cd18d9f2254-600x340.jpg 600w\" sizes=\"(max-width: 246px) 100vw, 246px\" \/><\/span><\/p><p>\u00a0<\/p><p>\u00a0<\/p><p>\u00a0<\/p><p>\u00a0<\/p><p style=\"text-align: left;\">\u0130ZZETL\u0130 KADINLAR DERNE\u011e\u0130<\/p><p style=\"text-align: left;\">TR75 0001 0000 4380 7379 8450 02<\/p><p style=\"text-align: left;\">TR48 0001 0000 4380 7379 8450 03<\/p><p style=\"text-align: left;\">TR05 0001 0000 4380 7379 8450 01<\/p>\t\t\t\t\t\t\t\t<\/div>\n\t\t\t\t\t<\/div>\n\t\t<\/div>\n\t\t\t\t\t<\/div>\n\t\t<\/section>\n\t\t\t\t<\/div>\n\t\t","protected":false},"excerpt":{"rendered":"<p>\u0643\u064a\u0641\u064a\u0629 \u0627\u0644\u062a\u0628\u0631\u0639 \u061f\u0637\u0631\u0642 \u0627\u0644\u062a\u0628\u0631\u0639 \u0648\u0627\u0644\u062a\u062d\u0648\u064a\u0644 \u0644\u0645\u0646\u0638\u0645\u0629 \u0643\u0631\u064a\u0645\u0627\u062a \u0639\u0646 \u0637\u0631\u064a\u0642 \u0632\u064a\u0627\u0631\u0629 \u0645\u0631\u0643\u0632\u0646\u0627 \u0627\u0644\u0648\u0627\u0642\u0639 \u0641\u064a \u0645\u062f\u064a\u0646\u0629 \u0643\u0644\u0633 \u0627\u0644\u062a\u0631\u0643\u064a\u0629 \u0645\u0646\u0638\u0645\u0629 \u0643\u0631\u064a\u0645\u0627\u062a \/\/ \u0634\u0627\u0631\u0639 \u0627\u0644\u0645\u0648\u0644\u0627\u062a \u0645\u0642\u0627\u0628\u0644 \u0646\u0627\u062f\u064a \u0627\u0644\u062d\u062f\u064a\u062f \u062a\u0631\u0643\u064a\u0627\/\u0643\u0644\u0633 ALTIN\u00dcZ\u00dcM mah. Nemika cd. No:39 Merkez\/Kilis \u0639\u0646 \u0637\u0631\u064a\u0642 \u062d\u0633\u0627\u0628\u0646\u0627 \u0641\u064a \u0627\u0644\u0628\u0646\u0643 \u0130ZZETL\u0130 KADINLAR DERNE\u011e\u0130 TR75 0001 0000 4380 7379 8450 02 TR48 0001 0000 4380 7379 8450 03 TR05 0001 [&hellip;]<\/p>\n","protected":false},"author":1,"featured_media":0,"parent":0,"menu_order":0,"comment_status":"closed","ping_status":"closed","template":"elementor_header_footer","meta":{"_acf_changed":false,"footnotes":""},"class_list":["post-1606","page","type-page","status-publish","hentry"],"acf":[],"jetpack_sharing_enabled":true,"_links":{"self":[{"href":"https:\/\/kareemat.org\/tr\/wp-json\/wp\/v2\/pages\/1606","targetHints":{"allow":["GET"]}}],"collection":[{"href":"https:\/\/kareemat.org\/tr\/wp-json\/wp\/v2\/pages"}],"about":[{"href":"https:\/\/kareemat.org\/tr\/wp-json\/wp\/v2\/types\/page"}],"author":[{"embeddable":true,"href":"https:\/\/kareemat.org\/tr\/wp-json\/wp\/v2\/users\/1"}],"replies":[{"embeddable":true,"href":"https:\/\/kareemat.org\/tr\/wp-json\/wp\/v2\/comments?post=1606"}],"version-history":[{"count":1,"href":"https:\/\/kareemat.org\/tr\/wp-json\/wp\/v2\/pages\/1606\/revisions"}],"predecessor-version":[{"id":1609,"href":"https:\/\/kareemat.org\/tr\/wp-json\/wp\/v2\/pages\/1606\/revisions\/1609"}],"wp:attachment":[{"href":"https:\/\/kareemat.org\/tr\/wp-json\/wp\/v2\/media?parent=1606"}],"curies":[{"name":"wp","href":"https:\/\/api.w.org\/{rel}","templated":true}]}}